{"id":18,"date":"2008-11-13T15:51:02","date_gmt":"2008-11-13T13:51:02","guid":{"rendered":"http:\/\/www.heidetour-colbitz.de\/wordpress\/?page_id=18"},"modified":"2010-03-24T16:57:54","modified_gmt":"2010-03-24T14:57:54","slug":"colbitz-2","status":"publish","type":"page","link":"https:\/\/www.heidetour-colbitz.de\/wordpress\/","title":{"rendered":"Colbitz"},"content":{"rendered":"<p><strong>Hallo und herzlich Willkommen&#8230;<\/strong><\/p>\n<p>Colbitz \u2013 mein Heimatort. Er liegt zwischen Magdeburg und Stendal an der B189 und wenn die A14 gebaut wird, gibt es auch eine Abfahrt Colbitz. M\u00f6ge das Industriegebiet wachsen!<br \/>\nAuf der anderen Seite gibt es den gr\u00f6\u00dften zusammenh\u00e4ngenden Lindenwald Europas, der zur Colbitz-Letzlinger-Heide geh\u00f6rt.<br \/>\n<img loading=\"lazy\" decoding=\"async\" class=\"alignleft size-full wp-image-60\" title=\"p1050138kl\" src=\"http:\/\/www.heidetour-colbitz.de\/wordpress\/wp-content\/uploads\/2008\/11\/p1050138kl.jpg\" alt=\"Die Gemeindeverwaltung am Marktplatz\" width=\"285\" height=\"190\" srcset=\"https:\/\/www.heidetour-colbitz.de\/wordpress\/wp-content\/uploads\/2008\/11\/p1050138kl.jpg 356w, https:\/\/www.heidetour-colbitz.de\/wordpress\/wp-content\/uploads\/2008\/11\/p1050138kl-300x200.jpg 300w\" sizes=\"(max-width: 285px) 100vw, 285px\" \/>In Magdeburg l\u00e4uft das so: \u201eColbitz? \u2013 da kommt doch das Bier her!\u201c Na klar, aber die meisten wissen nicht, dass auch das Trinkwasser aus der Heide kommt. Denn Colbitz ist auf Sand (nat\u00fcrlicher Filter) \u00fcber einer Lehmsch\u00fcssel gebaut.<br \/>\nUnd es gibt noch mehr! Wir haben einen HSV \u2013 den Heide-Sport-Verein. Neben den Reitern und Fu\u00dfballern in allen Altersklassen und Geschlechtern m\u00fcssen die Radballer erw\u00e4hnt werden. Sie haben es immerhin bis in die Zweite Bundesliga geschafft. Die Jungs schie\u00dfen mit dem Vorderrad einen Stoffball durch die Gegend, den ich nicht an den Kopf bekommen m\u00f6chte.<br \/>\nF\u00fcr Natur- und Campingfreunde ist das Heide-Camp die richtige Adresse. Es ist einer der modernsten Campingpl\u00e4tze. Nur das Wasser fehlt etwas.<br \/>\nBesonders beeindrucken sind die alten Bauerngeh\u00f6fte im Langen Ende. Hier in der N\u00e4he befindet sich auch der Museumshof.<br \/>\nDie neuen Colbitzer wohnen am Waldrand, im Rosenweg. Allein die Zufahrtsstra\u00dfe, der Plankener Weg, mit der Breite einer Bundesstra\u00dfe hat bisher den d\u00f6rflichen Charakter bewahrt. Er besteht aus Feldsteinen und aus einem Sommerwerg. Sommerweg, das ist einfach nur Sand, der sich, wenn man mit Tempo 50 dort f\u00e4hrt, \u00fcberall verteilt.<br \/>\nZum Heide- und Bockbierfest im September feiert der ganze Ort. Dann wird auch die Heidek\u00f6nigin gekr\u00f6nt.<br \/>\nAls herausragende historische Pers\u00f6nlichkeit sollte man den geb\u00fcrtigen Colbitzer Johan-Heinrich Schulze kennen. Er gilt als Entdecker der Lichtempfindlichkeit von Silbersalzen und damit als Pionier der Fotografie.<\/p>\n<p>Hier einige links zur Gegend:<br \/>\n<a href=\"http:\/\/www.touristinfo-colbitz-letzlinger-heide.de\/\" target=\"_blank\">Touristinfo<\/a><br \/>\n<a href=\"http:\/\/www.heide-camp-colbitz.de\/\" target=\"_blank\">Heide-Camp<\/a><br \/>\n<a href=\"http:\/\/www.offeneheide.de\/\" target=\"_blank\">offene Heide<\/a><br \/>\n<a href=\"http:\/\/www.colbitzer-heidebrauerei.de\/\" target=\"_blank\">Heidebrauerei<\/a><br \/>\n<a href=\"http:\/\/www.gemeinde-colbitz.de\/\" target=\"_blank\">Gemeinde Colbitz<\/a><br \/>\n<br \/>\n<object type=\"application\/x-shockwave-flash\" data=\"http:\/\/bilder.rtl.de\/wetter09\/flash\/wetter_homepagetool_m.swf\" codebase=\"http:\/\/fpdownload.macromedia.com\/pub\/shockwave\/cabs\/flash\/swflash.cab#version=9,0,0,0\" width=\"149\" height=\"176\"><param name=\"allowScriptAccess\" value=\"always\"\/><param name=\"movie\" value=\"http:\/\/bilder.rtl.de\/wetter09\/flash\/wetter_homepagetool_m.swf\"\/><param name=\"loop\" value=\"false\"\/><param name=\"menu\" value=\"false\"\/><param name=\"wmode\" value=\"window\"\/><param name=\"quality\" value=\"high\"\/><param name=\"play\" value=\"false\"\/><param name=\"FlashVars\" value=\"umd5=a494c461416f0c49e59cdabe24ef4056&#038;ucolor=4\"\/><\/object><\/p>\n","protected":false},"excerpt":{"rendered":"<p>Hallo und herzlich Willkommen&#8230; Colbitz \u2013 mein Heimatort. Er liegt zwischen Magdeburg und Stendal an der B189 und wenn die A14 gebaut wird, gibt es auch eine Abfahrt Colbitz. M\u00f6ge das Industriegebiet wachsen! Auf der anderen Seite gibt es den gr\u00f6\u00dften zusammenh\u00e4ngenden Lindenwald Europas, der zur Colbitz-Letzlinger-Heide geh\u00f6rt. In Magdeburg l\u00e4uft das so: \u201eColbitz? \u2013 [&hellip;]<\/p>\n","protected":false},"author":1,"featured_media":0,"parent":0,"menu_order":1,"comment_status":"open","ping_status":"open","template":"","meta":{"ngg_post_thumbnail":0,"footnotes":""},"_links":{"self":[{"href":"https:\/\/www.heidetour-colbitz.de\/wordpress\/index.php?rest_route=\/wp\/v2\/pages\/18"}],"collection":[{"href":"https:\/\/www.heidetour-colbitz.de\/wordpress\/index.php?rest_route=\/wp\/v2\/pages"}],"about":[{"href":"https:\/\/www.heidetour-colbitz.de\/wordpress\/index.php?rest_route=\/wp\/v2\/types\/page"}],"author":[{"embeddable":true,"href":"https:\/\/www.heidetour-colbitz.de\/wordpress\/index.php?rest_route=\/wp\/v2\/users\/1"}],"replies":[{"embeddable":true,"href":"https:\/\/www.heidetour-colbitz.de\/wordpress\/index.php?rest_route=%2Fwp%2Fv2%2Fcomments&post=18"}],"version-history":[{"count":9,"href":"https:\/\/www.heidetour-colbitz.de\/wordpress\/index.php?rest_route=\/wp\/v2\/pages\/18\/revisions"}],"predecessor-version":[{"id":274,"href":"https:\/\/www.heidetour-colbitz.de\/wordpress\/index.php?rest_route=\/wp\/v2\/pages\/18\/revisions\/274"}],"wp:attachment":[{"href":"https:\/\/www.heidetour-colbitz.de\/wordpress\/index.php?rest_route=%2Fwp%2Fv2%2Fmedia&parent=18"}],"curies":[{"name":"wp","href":"https:\/\/api.w.org\/{rel}","templated":true}]}}